{"id":20,"date":"2024-06-05T12:26:03","date_gmt":"2024-06-05T12:26:03","guid":{"rendered":"https:\/\/exciting-feynman.34-106-101-73.plesk.page\/?page_id=20"},"modified":"2025-09-17T05:27:28","modified_gmt":"2025-09-17T05:27:28","slug":"home","status":"publish","type":"page","link":"https:\/\/charmafrica.org\/fr\/","title":{"rendered":"MAISON"},"content":{"rendered":"<div data-elementor-type=\"wp-page\" data-elementor-id=\"20\" class=\"elementor elementor-20\" data-elementor-post-type=\"page\">\n\t\t\t\t<div class=\"elementor-element elementor-element-59582f1 e-flex e-con-boxed e-con e-parent\" data-id=\"59582f1\" data-element_type=\"container\" data-e-type=\"container\" data-settings=\"{&quot;background_background&quot;:&quot;classic&quot;}\">\n\t\t\t\t\t<div class=\"e-con-inner\">\n\t\t<div class=\"elementor-element elementor-element-be88c96 e-con-full e-flex e-con e-child\" data-id=\"be88c96\" data-element_type=\"container\" data-e-type=\"container\">\n\t\t\t\t<div class=\"elementor-element elementor-element-63eccaf elementor-widget elementor-widget-heading\" data-id=\"63eccaf\" data-element_type=\"widget\" data-e-type=\"widget\" data-widget_type=\"heading.default\">\n\t\t\t\t<div class=\"elementor-widget-container\">\n\t\t\t\t\t<h2 class=\"elementor-heading-title elementor-size-default\">Nous promouvons et prot\u00e9geons les droits de l\u2019homme et les libert\u00e9s des m\u00e9dias en Afrique subsaharienne<\/h2>\t\t\t\t<\/div>\n\t\t\t\t<\/div>\n\t\t\t\t<\/div>\n\t\t\t\t\t<\/div>\n\t\t\t\t<\/div>\n\t\t<div class=\"elementor-element elementor-element-2946fe7 e-flex e-con-boxed e-con e-parent\" data-id=\"2946fe7\" data-element_type=\"container\" data-e-type=\"container\">\n\t\t\t\t\t<div class=\"e-con-inner\">\n\t\t<div class=\"elementor-element elementor-element-9a0c2a8 e-flex e-con-boxed e-con e-child\" data-id=\"9a0c2a8\" data-element_type=\"container\" data-e-type=\"container\" data-settings=\"{&quot;background_background&quot;:&quot;classic&quot;}\">\n\t\t\t\t\t<div class=\"e-con-inner\">\n\t\t\t\t<div class=\"elementor-element elementor-element-f065204 elementor-view-default elementor-widget elementor-widget-icon\" data-id=\"f065204\" data-element_type=\"widget\" data-e-type=\"widget\" data-widget_type=\"icon.default\">\n\t\t\t\t<div class=\"elementor-widget-container\">\n\t\t\t\t\t\t\t<div class=\"elementor-icon-wrapper\">\n\t\t\t<div class=\"elementor-icon\">\n\t\t\t<i aria-hidden=\"true\" class=\"ti ti-eye\"><\/i>\t\t\t<\/div>\n\t\t<\/div>\n\t\t\t\t\t\t<\/div>\n\t\t\t\t<\/div>\n\t\t\t\t<div class=\"elementor-element elementor-element-1548e39 elementor-widget elementor-widget-heading\" data-id=\"1548e39\" data-element_type=\"widget\" data-e-type=\"widget\" data-widget_type=\"heading.default\">\n\t\t\t\t<div class=\"elementor-widget-container\">\n\t\t\t\t\t<h2 class=\"elementor-heading-title elementor-size-default\">Notre vision<\/h2>\t\t\t\t<\/div>\n\t\t\t\t<\/div>\n\t\t\t\t<div class=\"elementor-element elementor-element-8f949f9 elementor-widget elementor-widget-text-editor\" data-id=\"8f949f9\" data-element_type=\"widget\" data-e-type=\"widget\" data-widget_type=\"text-editor.default\">\n\t\t\t\t<div class=\"elementor-widget-container\">\n\t\t\t\t\t\t\t\t\t<p>Toutes les personnes, y compris les groupes traditionnellement exclus, b\u00e9n\u00e9ficient d\u2019un acc\u00e8s \u00e0 l\u2019espace civique, aux libert\u00e9s d\u00e9mocratiques et vivent \u00e0 l\u2019abri des violations des droits humains.<\/p>\t\t\t\t\t\t\t\t<\/div>\n\t\t\t\t<\/div>\n\t\t\t\t\t<\/div>\n\t\t\t\t<\/div>\n\t\t<div class=\"elementor-element elementor-element-8277a8c e-flex e-con-boxed e-con e-child\" data-id=\"8277a8c\" data-element_type=\"container\" data-e-type=\"container\" data-settings=\"{&quot;background_background&quot;:&quot;classic&quot;}\">\n\t\t\t\t\t<div class=\"e-con-inner\">\n\t\t\t\t<div class=\"elementor-element elementor-element-0c20b7b elementor-view-default elementor-widget elementor-widget-icon\" data-id=\"0c20b7b\" data-element_type=\"widget\" data-e-type=\"widget\" data-widget_type=\"icon.default\">\n\t\t\t\t<div class=\"elementor-widget-container\">\n\t\t\t\t\t\t\t<div class=\"elementor-icon-wrapper\">\n\t\t\t<div class=\"elementor-icon\">\n\t\t\t<i aria-hidden=\"true\" class=\"ti ti-target\"><\/i>\t\t\t<\/div>\n\t\t<\/div>\n\t\t\t\t\t\t<\/div>\n\t\t\t\t<\/div>\n\t\t\t\t<div class=\"elementor-element elementor-element-dff91a8 elementor-widget elementor-widget-heading\" data-id=\"dff91a8\" data-element_type=\"widget\" data-e-type=\"widget\" data-widget_type=\"heading.default\">\n\t\t\t\t<div class=\"elementor-widget-container\">\n\t\t\t\t\t<h2 class=\"elementor-heading-title elementor-size-default\">Notre objectif strat\u00e9gique<\/h2>\t\t\t\t<\/div>\n\t\t\t\t<\/div>\n\t\t\t\t<div class=\"elementor-element elementor-element-5f2911a elementor-widget elementor-widget-text-editor\" data-id=\"5f2911a\" data-element_type=\"widget\" data-e-type=\"widget\" data-widget_type=\"text-editor.default\">\n\t\t\t\t<div class=\"elementor-widget-container\">\n\t\t\t\t\t\t\t\t\t<p>Prot\u00e9ger et \u00e9largir l&#039;espace civique et les libert\u00e9s d\u00e9mocratiques pour la soci\u00e9t\u00e9 civile et les m\u00e9dias afin de d\u00e9fendre conjointement les droits humains des populations vuln\u00e9rables.<\/p>\t\t\t\t\t\t\t\t<\/div>\n\t\t\t\t<\/div>\n\t\t\t\t\t<\/div>\n\t\t\t\t<\/div>\n\t\t\t\t\t<\/div>\n\t\t\t\t<\/div>\n\t\t<div class=\"elementor-element elementor-element-6d7ad66 e-flex e-con-boxed e-con e-parent\" data-id=\"6d7ad66\" data-element_type=\"container\" data-e-type=\"container\">\n\t\t\t\t\t<div class=\"e-con-inner\">\n\t\t<div class=\"elementor-element elementor-element-772460f e-con-full e-flex e-con e-child\" data-id=\"772460f\" data-element_type=\"container\" data-e-type=\"container\">\n\t\t\t\t<div class=\"elementor-element elementor-element-66e6d37  ui-split-animate ui-splitby-chars elementor-widget elementor-widget-heading\" data-id=\"66e6d37\" data-element_type=\"widget\" data-e-type=\"widget\" data-settings=\"{&quot;ui_animate_split&quot;:&quot;ui-split-animate&quot;,&quot;ui_animate_split_by&quot;:&quot;chars&quot;,&quot;ui_animate_split_style&quot;:&quot;fadeInUp&quot;}\" data-widget_type=\"heading.default\">\n\t\t\t\t<div class=\"elementor-widget-container\">\n\t\t\t\t\t<h2 class=\"elementor-heading-title elementor-size-default\">DOMAINES D&#039;INTERVENTION CL\u00c9S<\/h2>\t\t\t\t<\/div>\n\t\t\t\t<\/div>\n\t\t<div class=\"elementor-element elementor-element-f1d6ac9 e-con-full e-flex e-con e-child\" data-id=\"f1d6ac9\" data-element_type=\"container\" data-e-type=\"container\">\n\t\t<div class=\"elementor-element elementor-element-77bfd1d e-con-full e-flex e-con e-child\" data-id=\"77bfd1d\" data-element_type=\"container\" data-e-type=\"container\" data-settings=\"{&quot;background_background&quot;:&quot;classic&quot;}\">\n\t\t<div class=\"elementor-element elementor-element-2c5f87c e-flex e-con-boxed e-con e-child\" data-id=\"2c5f87c\" data-element_type=\"container\" data-e-type=\"container\">\n\t\t\t\t\t<div class=\"e-con-inner\">\n\t\t<div class=\"elementor-element elementor-element-2e1b8c5 e-flex e-con-boxed e-con e-child\" data-id=\"2e1b8c5\" data-element_type=\"container\" data-e-type=\"container\">\n\t\t\t\t\t<div class=\"e-con-inner\">\n\t\t\t\t<div class=\"elementor-element elementor-element-6b030fc elementor-widget elementor-widget-heading\" data-id=\"6b030fc\" data-element_type=\"widget\" data-e-type=\"widget\" data-widget_type=\"heading.default\">\n\t\t\t\t<div class=\"elementor-widget-container\">\n\t\t\t\t\t<h2 class=\"elementor-heading-title elementor-size-default\">Avancement des droits de l\u2019homme<\/h2>\t\t\t\t<\/div>\n\t\t\t\t<\/div>\n\t\t\t\t\t<\/div>\n\t\t\t\t<\/div>\n\t\t<div class=\"elementor-element elementor-element-eef4926 e-flex e-con-boxed e-con e-child\" data-id=\"eef4926\" data-element_type=\"container\" data-e-type=\"container\">\n\t\t\t\t\t<div class=\"e-con-inner\">\n\t\t\t\t<div class=\"elementor-element elementor-element-42eb54d elementor-view-default elementor-widget elementor-widget-icon\" data-id=\"42eb54d\" data-element_type=\"widget\" data-e-type=\"widget\" data-widget_type=\"icon.default\">\n\t\t\t\t<div class=\"elementor-widget-container\">\n\t\t\t\t\t\t\t<div class=\"elementor-icon-wrapper\">\n\t\t\t<div class=\"elementor-icon\">\n\t\t\t<svg xmlns=\"http:\/\/www.w3.org\/2000\/svg\" xmlns:i=\"http:\/\/ns.adobe.com\/AdobeIllustrator\/10.0\/\" id=\"Layer_1\" data-name=\"Layer 1\" viewbox=\"0 0 128.7 128.7\"><defs><style>      .cls-1 {        fill: #610d0e;      }      .cls-1, .cls-2 {        stroke-width: 0px;      }      .cls-2 {        fill: #fff;      }    <\/style><\/defs><path class=\"cls-1\" d=\"M128.7,64.4c0,27.5-17.2,50.9-41.4,60.2-7.1,2.7-14.9,4.2-23,4.2s-3.9,0-5.8-.3C25.8,125.6,0,98,0,64.4S28.8,0,64.4,0s64.4,28.8,64.4,64.4Z\"><\/path><g><path class=\"cls-2\" d=\"M78.8,104c2.9,6.8,5.7,13.7,8.6,20.5-7.1,2.7-14.9,4.2-23,4.2s-3.9,0-5.8-.3c-1.6-5.2-3.1-10.4-4.7-15.6-2.3-7.3-4.4-14.7-7-21.9-1.1-3.1-2.8-6.2-4.8-8.9-2.6-3.6-3.7-7.6-3.9-12.2.5.3.9.5,1.3.8,1.7,1.3,3.4,2.8,5.2,4,2.6,1.8,4.3,1.4,6.2-1,1.4-1.8,2.9-3.4,4.4-5.1,3.2-3.8,7.5-5.2,12.1-6,2-.3,4.1-.5,6.3-.8-.5-1.2-.9-2.3-1.5-3.5-1.7.6-3.3,1.2-4.9,1.8-3.3,1.2-6.9-.6-7.7-4-.2-.8.1-2.3.7-2.7,3.7-2.2,7.4-4.5,11.3-6.2,4.8-2.1,7.8-.9,10.3,3.7,1.7,3,3.3,6.1,4.8,9.2,1.7,3.5,1.4,7-.6,10.3-3.6,5.8-7.5,11.4-12.4,16.1-1.4,1.3-1.8,2.2-.8,4.2,2.2,4.3,3.8,8.9,5.7,13.4Z\"><\/path><path class=\"cls-2\" d=\"M53.4,66.1c-.4-.2-1.3-.5-1.8-1-3-3.3-6-6.7-9-10.1-.2-.2-.3-.5-.4-.8-.6-1.6.6-3.5,3.1-5.3,1.5-1.1,3-1.5,4.2,0,3,3.7,5.9,7.5,8.8,11.3.2.3.3.8.3,1.2,0,1.3-3.5,4.6-5.2,4.6Z\"><\/path><path class=\"cls-2\" d=\"M51.8,69c-1.1,1.2-2.1,2.7-3.5,3.8-1.1.9-2.4.1-3.5-.7-2.2-1.8-4.6-3.4-6.7-5.3-3.4-3-3.3-5.9,0-9,1.1-1.1,2.3-1.3,3.4-.2,3.2,3.1,6.4,6.3,9.5,9.6.4.4.5,1,.9,1.9Z\"><\/path><path class=\"cls-2\" d=\"M74.9,44c-3.2,1.3-6.1,2.4-9,3.6-1.5-2.4-3-4.8-4.4-7.2-.1-.2-.2-.4-.2-.7-.4-1.9,1-3.6,4.3-5.2,1.9-.9,3-.8,4.2,1,1.8,2.7,3.3,5.5,5.1,8.4Z\"><\/path><path class=\"cls-2\" d=\"M64.1,48.3c-3.1,1.6-6.7,1.9-7.6,6.1-2-2.8-3.9-5.4-5.5-8.1-.9-1.6.4-3.6,3.1-5.4,2.2-1.4,3.5-1.5,4.8.2,1.8,2.3,3.4,4.7,5.2,7.2Z\"><\/path><\/g><metadata><\/metadata><\/svg>\t\t\t<\/div>\n\t\t<\/div>\n\t\t\t\t\t\t<\/div>\n\t\t\t\t<\/div>\n\t\t\t\t\t<\/div>\n\t\t\t\t<\/div>\n\t\t\t\t\t<\/div>\n\t\t\t\t<\/div>\n\t\t<div class=\"elementor-element elementor-element-a143d14 e-con-full e-flex e-con e-child\" data-id=\"a143d14\" data-element_type=\"container\" data-e-type=\"container\">\n\t\t\t\t<div class=\"elementor-element elementor-element-55df06c elementor-widget elementor-widget-text-editor\" data-id=\"55df06c\" data-element_type=\"widget\" data-e-type=\"widget\" data-widget_type=\"text-editor.default\">\n\t\t\t\t<div class=\"elementor-widget-container\">\n\t\t\t\t\t\t\t\t\t<p>Le consortium CHARM consacre des efforts substantiels pour renforcer la protection et la d\u00e9fense des droits humains dans la r\u00e9gion. \u00c0 travers diverses initiatives et interventions, CHARM cherche \u00e0 responsabiliser les d\u00e9fenseurs des droits humains, \u00e0 soutenir les communaut\u00e9s marginalis\u00e9es et \u00e0 faire face aux d\u00e9fis syst\u00e9miques qui entravent la jouissance des droits fondamentaux.<\/p>\t\t\t\t\t\t\t\t<\/div>\n\t\t\t\t<\/div>\n\t\t\t\t<\/div>\n\t\t\t\t<\/div>\n\t\t<div class=\"elementor-element elementor-element-e0a5255 e-con-full e-flex e-con e-child\" data-id=\"e0a5255\" data-element_type=\"container\" data-e-type=\"container\" data-settings=\"{&quot;background_background&quot;:&quot;classic&quot;}\">\n\t\t<div class=\"elementor-element elementor-element-fae68e1 e-flex e-con-boxed e-con e-child\" data-id=\"fae68e1\" data-element_type=\"container\" data-e-type=\"container\">\n\t\t\t\t\t<div class=\"e-con-inner\">\n\t\t<div class=\"elementor-element elementor-element-67d934e e-flex e-con-boxed e-con e-child\" data-id=\"67d934e\" data-element_type=\"container\" data-e-type=\"container\">\n\t\t\t\t\t<div class=\"e-con-inner\">\n\t\t\t\t<div class=\"elementor-element elementor-element-7a4252b elementor-widget elementor-widget-heading\" data-id=\"7a4252b\" data-element_type=\"widget\" data-e-type=\"widget\" data-widget_type=\"heading.default\">\n\t\t\t\t<div class=\"elementor-widget-container\">\n\t\t\t\t\t<h2 class=\"elementor-heading-title elementor-size-default\">Favoriser l\u2019espace civique<\/h2>\t\t\t\t<\/div>\n\t\t\t\t<\/div>\n\t\t\t\t\t<\/div>\n\t\t\t\t<\/div>\n\t\t<div class=\"elementor-element elementor-element-9bc9c3d e-flex e-con-boxed e-con e-child\" data-id=\"9bc9c3d\" data-element_type=\"container\" data-e-type=\"container\">\n\t\t\t\t\t<div class=\"e-con-inner\">\n\t\t\t\t<div class=\"elementor-element elementor-element-2c66833 elementor-view-default elementor-widget elementor-widget-icon\" data-id=\"2c66833\" data-element_type=\"widget\" data-e-type=\"widget\" data-widget_type=\"icon.default\">\n\t\t\t\t<div class=\"elementor-widget-container\">\n\t\t\t\t\t\t\t<div class=\"elementor-icon-wrapper\">\n\t\t\t<div class=\"elementor-icon\">\n\t\t\t<svg xmlns=\"http:\/\/www.w3.org\/2000\/svg\" xmlns:i=\"http:\/\/ns.adobe.com\/AdobeIllustrator\/10.0\/\" id=\"Layer_1\" data-name=\"Layer 1\" viewbox=\"0 0 128.7 128.7\"><defs><style>      .cls-1 {        fill: #610d0e;      }      .cls-1, .cls-2 {        stroke-width: 0px;      }      .cls-2 {        fill: #fff;      }    <\/style><\/defs><circle class=\"cls-1\" cx=\"64.4\" cy=\"64.4\" r=\"64.4\"><\/circle><g><path class=\"cls-2\" d=\"M67.7,104.3c0-6.2,0-12.5,0-18.7,0-3.2,1.4-6,3.6-8.3,5.3-5.3,10.6-10.6,15.9-15.9,1.9-1.9,4.4-2,6.2-.3,1.8,1.7,1.8,4.3-.2,6.3-3.9,4-7.9,7.9-11.9,11.9-.8.8-1.7,1.6-.7,2.6,1.1,1.1,2,.1,2.8-.7,3.9-3.9,7.7-7.7,11.6-11.6,3.7-3.8,3.4-8.3-.8-11.6-.5-.4-.9-1.2-.9-1.8,0-5.6,0-11.2,0-16.8,0-2.6,1.8-4.2,4.2-4.2,2.5,0,4.2,1.7,4.2,4.2,0,10.3,0,20.6,0,30.9,0,3.4-1.5,6.4-4,8.8-3.4,3.4-6.8,6.9-10.3,10.2-2,1.9-2.9,4.2-2.9,6.9,0,2.7,0,5.3-.1,8h-16.8Z\"><\/path><path class=\"cls-2\" d=\"M43.9,104.3c0-2.8,0-5.6,0-8.4,0-2.6-.8-4.6-2.6-6.4-3.3-3.3-6.6-6.7-10-9.9-3-3-4.5-6.5-4.5-10.7,0-9.5,0-19.1,0-28.6,0-3.3,1.5-5.1,4.2-5.1,2.7,0,4.3,1.9,4.3,5.1,0,5.3,0,10.5,0,15.8,0,.7-.5,1.7-1.1,2.1-3.9,3-4.3,7.8-.9,11.3,3.9,4,7.9,7.9,11.9,11.9.8.8,1.6,1.6,2.7.7,1.2-1.1.1-2-.7-2.8-3.8-3.8-7.5-7.5-11.3-11.3-2.4-2.4-2.7-4.9-.8-6.8,1.9-1.9,4.5-1.7,6.8.6,4.9,4.9,9.8,9.8,14.7,14.7,3.1,3,4.5,6.6,4.4,10.9,0,5.6,0,11.2,0,16.8h-17.2Z\"><\/path><\/g><metadata><\/metadata><\/svg>\t\t\t<\/div>\n\t\t<\/div>\n\t\t\t\t\t\t<\/div>\n\t\t\t\t<\/div>\n\t\t\t\t\t<\/div>\n\t\t\t\t<\/div>\n\t\t\t\t\t<\/div>\n\t\t\t\t<\/div>\n\t\t<div class=\"elementor-element elementor-element-db86e13 e-con-full e-flex e-con e-child\" data-id=\"db86e13\" data-element_type=\"container\" data-e-type=\"container\">\n\t\t\t\t<div class=\"elementor-element elementor-element-9eae599 elementor-widget elementor-widget-text-editor\" data-id=\"9eae599\" data-element_type=\"widget\" data-e-type=\"widget\" data-widget_type=\"text-editor.default\">\n\t\t\t\t<div class=\"elementor-widget-container\">\n\t\t\t\t\t\t\t\t\t<p>Reconnaissant le r\u00f4le vital d\u2019un espace civique ouvert et inclusif, CHARM s\u2019engage activement dans la d\u00e9fense des droits des organisations de la soci\u00e9t\u00e9 civile (OSC) et des militants. Le consortium \u00e9volue dans des environnements juridiques restrictifs et favorise les dialogues pour prot\u00e9ger l&#039;espace civique en vue d&#039;un engagement citoyen significatif et d&#039;une action collective.<\/p>\t\t\t\t\t\t\t\t<\/div>\n\t\t\t\t<\/div>\n\t\t\t\t<\/div>\n\t\t\t\t<\/div>\n\t\t<div class=\"elementor-element elementor-element-e259125 e-con-full e-flex e-con e-child\" data-id=\"e259125\" data-element_type=\"container\" data-e-type=\"container\" data-settings=\"{&quot;background_background&quot;:&quot;classic&quot;}\">\n\t\t<div class=\"elementor-element elementor-element-2f9fbab e-flex e-con-boxed e-con e-child\" data-id=\"2f9fbab\" data-element_type=\"container\" data-e-type=\"container\">\n\t\t\t\t\t<div class=\"e-con-inner\">\n\t\t<div class=\"elementor-element elementor-element-bc86f7c e-flex e-con-boxed e-con e-child\" data-id=\"bc86f7c\" data-element_type=\"container\" data-e-type=\"container\">\n\t\t\t\t\t<div class=\"e-con-inner\">\n\t\t\t\t<div class=\"elementor-element elementor-element-acc0a68 elementor-widget elementor-widget-heading\" data-id=\"acc0a68\" data-element_type=\"widget\" data-e-type=\"widget\" data-widget_type=\"heading.default\">\n\t\t\t\t<div class=\"elementor-widget-container\">\n\t\t\t\t\t<h2 class=\"elementor-heading-title elementor-size-default\">Promouvoir la libert\u00e9 des m\u00e9dias<\/h2>\t\t\t\t<\/div>\n\t\t\t\t<\/div>\n\t\t\t\t\t<\/div>\n\t\t\t\t<\/div>\n\t\t<div class=\"elementor-element elementor-element-8db568a e-flex e-con-boxed e-con e-child\" data-id=\"8db568a\" data-element_type=\"container\" data-e-type=\"container\">\n\t\t\t\t\t<div class=\"e-con-inner\">\n\t\t\t\t<div class=\"elementor-element elementor-element-8e2519f elementor-view-default elementor-widget elementor-widget-icon\" data-id=\"8e2519f\" data-element_type=\"widget\" data-e-type=\"widget\" data-widget_type=\"icon.default\">\n\t\t\t\t<div class=\"elementor-widget-container\">\n\t\t\t\t\t\t\t<div class=\"elementor-icon-wrapper\">\n\t\t\t<div class=\"elementor-icon\">\n\t\t\t<svg xmlns=\"http:\/\/www.w3.org\/2000\/svg\" xmlns:i=\"http:\/\/ns.adobe.com\/AdobeIllustrator\/10.0\/\" id=\"Layer_1\" data-name=\"Layer 1\" viewbox=\"0 0 128.7 128.7\"><defs><style>      .cls-1 {        fill: #610d0e;      }      .cls-1, .cls-2 {        stroke-width: 0px;      }      .cls-2 {        fill: #fff;      }    <\/style><\/defs><path class=\"cls-1\" d=\"M128.7,64.4c0,33.7-25.8,61.3-58.8,64.1-1.8.2-3.7.2-5.6.2-6.5,0-12.7-1-18.6-2.7C19.3,118,0,93.5,0,64.4S28.8,0,64.4,0s64.4,28.8,64.4,64.4Z\"><\/path><g><g><path class=\"cls-2\" d=\"M69.9,128.5c-1.8.2-3.7.2-5.6.2-6.5,0-12.7-1-18.6-2.7-.8-2.6-1.6-5.2-2.4-7.8-1.8-5.7-3.4-11.4-5.4-17-.9-2.5-2.2-4.8-3.7-6.9-2-2.8-2.9-5.9-3-9.5.4.2.7.4,1,.6,1.4,1,2.7,2.1,4,3.1,2,1.4,3.3,1.1,4.9-.8,1.1-1.4,2.3-2.7,3.4-4,2.5-2.9,5.8-4,9.4-4.6,1.6-.3,3.2-.4,4.9-.6-.4-.9-.7-1.8-1.1-2.7-1.3.5-2.6.9-3.8,1.4-2.5.9-5.4-.5-6-3.1-.2-.6.1-1.8.6-2.1,2.9-1.7,5.7-3.5,8.8-4.8,3.8-1.6,6-.7,8,2.9,1.3,2.4,2.6,4.7,3.8,7.1,1.3,2.7,1.1,5.4-.4,8-2.8,4.5-5.8,8.9-9.7,12.6-1.1,1-1.4,1.7-.6,3.2,1.7,3.4,3,6.9,4.4,10.4,2.4,5.7,4.8,11.5,7.2,17.2Z\"><\/path><path class=\"cls-2\" d=\"M43,81.8c-.3-.2-1-.4-1.4-.8-2.4-2.6-4.7-5.2-7-7.8-.2-.2-.3-.4-.3-.6-.5-1.2.5-2.7,2.4-4.1,1.1-.8,2.3-1.1,3.3,0,2.4,2.9,4.6,5.9,6.9,8.8.2.2.3.6.3.9,0,1-2.7,3.5-4,3.6Z\"><\/path><path class=\"cls-2\" d=\"M41.8,84.1c-.9,1-1.7,2.1-2.7,3-.9.7-1.9,0-2.7-.6-1.7-1.4-3.6-2.6-5.2-4.1-2.6-2.3-2.6-4.6,0-7,.9-.8,1.8-1,2.6-.2,2.5,2.4,4.9,4.9,7.4,7.4.3.3.4.7.7,1.5Z\"><\/path><path class=\"cls-2\" d=\"M59.7,64.6c-2.5,1-4.7,1.9-7,2.8-1.2-1.9-2.3-3.7-3.4-5.6,0-.2-.1-.3-.2-.5-.3-1.5.8-2.8,3.4-4,1.5-.7,2.4-.6,3.3.8,1.4,2.1,2.6,4.3,4,6.6Z\"><\/path><path class=\"cls-2\" d=\"M51.4,68c-2.4,1.3-5.2,1.5-5.9,4.8-1.5-2.2-3-4.2-4.3-6.3-.7-1.2.3-2.8,2.4-4.2,1.7-1.1,2.7-1.2,3.8.1,1.4,1.8,2.7,3.6,4,5.6Z\"><\/path><\/g><g><circle class=\"cls-2\" cx=\"92.2\" cy=\"40.4\" r=\"7.4\"><\/circle><rect class=\"cls-2\" x=\"70.2\" y=\"42.7\" width=\"18.1\" height=\"16.3\" rx=\"2.6\" ry=\"2.6\" transform=\"translate(68.9 -42.8) rotate(51)\"><\/rect><rect class=\"cls-2\" x=\"62.5\" y=\"54.6\" width=\"9.7\" height=\"11.7\" transform=\"translate(72 -30) rotate(51)\"><\/rect><\/g><\/g><metadata><\/metadata><\/svg>\t\t\t<\/div>\n\t\t<\/div>\n\t\t\t\t\t\t<\/div>\n\t\t\t\t<\/div>\n\t\t\t\t\t<\/div>\n\t\t\t\t<\/div>\n\t\t\t\t\t<\/div>\n\t\t\t\t<\/div>\n\t\t<div class=\"elementor-element elementor-element-59832fc e-con-full e-flex e-con e-child\" data-id=\"59832fc\" data-element_type=\"container\" data-e-type=\"container\">\n\t\t\t\t<div class=\"elementor-element elementor-element-42036ad elementor-widget elementor-widget-text-editor\" data-id=\"42036ad\" data-element_type=\"widget\" data-e-type=\"widget\" data-widget_type=\"text-editor.default\">\n\t\t\t\t<div class=\"elementor-widget-container\">\n\t\t\t\t\t\t\t\t\t<p>Dans un paysage m\u00e9diatique dynamique, CHARM d\u00e9fend la libert\u00e9 des m\u00e9dias et le journalisme pluraliste. En soutenant les journalistes, en am\u00e9liorant l&#039;\u00e9ducation aux m\u00e9dias et en d\u00e9fendant la libert\u00e9 de la presse, le consortium facilite la diffusion d&#039;informations impartiales et pr\u00e9cises au public.<\/p>\t\t\t\t\t\t\t\t<\/div>\n\t\t\t\t<\/div>\n\t\t\t\t<\/div>\n\t\t\t\t<\/div>\n\t\t\t\t<\/div>\n\t\t\t\t<\/div>\n\t\t\t\t\t<\/div>\n\t\t\t\t<\/div>\n\t\t\t\t<\/div>","protected":false},"excerpt":{"rendered":"<p>We promote and protect human rights and media freedoms in Sub-Saharan Africa Our Vision All people including traditionally excluded groups,\u00a0enjoy access to [&hellip;]<\/p>\n","protected":false},"author":1,"featured_media":0,"parent":0,"menu_order":0,"comment_status":"closed","ping_status":"closed","template":"","meta":{"footnotes":""},"class_list":["post-20","page","type-page","status-publish","hentry"],"yoast_head":"<!-- This site is optimized with the Yoast SEO plugin v27.4 - https:\/\/yoast.com\/product\/yoast-seo-wordpress\/ -->\n<title>HOME - CHARM<\/title>\n<meta name=\"robots\" content=\"index, follow, max-snippet:-1, max-image-preview:large, max-video-preview:-1\" \/>\n<link rel=\"canonical\" href=\"https:\/\/charmafrica.org\/fr\/\" \/>\n<meta property=\"og:locale\" content=\"fr_FR\" \/>\n<meta property=\"og:type\" content=\"article\" \/>\n<meta property=\"og:title\" content=\"HOME - CHARM\" \/>\n<meta property=\"og:description\" content=\"We promote and protect human rights and media freedoms in Sub-Saharan Africa Our Vision All people including traditionally excluded groups,\u00a0enjoy access to [&hellip;]\" \/>\n<meta property=\"og:url\" content=\"https:\/\/charmafrica.org\/fr\/\" \/>\n<meta property=\"og:site_name\" content=\"CHARM\" \/>\n<meta property=\"article:modified_time\" content=\"2025-09-17T05:27:28+00:00\" \/>\n<meta name=\"twitter:card\" content=\"summary_large_image\" \/>\n<meta name=\"twitter:label1\" content=\"Dur\u00e9e de lecture estim\u00e9e\" \/>\n\t<meta name=\"twitter:data1\" content=\"1 minute\" \/>\n<script type=\"application\/ld+json\" class=\"yoast-schema-graph\">{\"@context\":\"https:\\\/\\\/schema.org\",\"@graph\":[{\"@type\":\"WebPage\",\"@id\":\"https:\\\/\\\/charmafrica.org\\\/\",\"url\":\"https:\\\/\\\/charmafrica.org\\\/\",\"name\":\"HOME - CHARM\",\"isPartOf\":{\"@id\":\"https:\\\/\\\/charmafrica.org\\\/#website\"},\"datePublished\":\"2024-06-05T12:26:03+00:00\",\"dateModified\":\"2025-09-17T05:27:28+00:00\",\"breadcrumb\":{\"@id\":\"https:\\\/\\\/charmafrica.org\\\/#breadcrumb\"},\"inLanguage\":\"fr-FR\",\"potentialAction\":[{\"@type\":\"ReadAction\",\"target\":[\"https:\\\/\\\/charmafrica.org\\\/\"]}]},{\"@type\":\"BreadcrumbList\",\"@id\":\"https:\\\/\\\/charmafrica.org\\\/#breadcrumb\",\"itemListElement\":[{\"@type\":\"ListItem\",\"position\":1,\"name\":\"Home\",\"item\":\"https:\\\/\\\/charmafrica.org\\\/\"},{\"@type\":\"ListItem\",\"position\":2,\"name\":\"HOME\"}]},{\"@type\":\"WebSite\",\"@id\":\"https:\\\/\\\/charmafrica.org\\\/#website\",\"url\":\"https:\\\/\\\/charmafrica.org\\\/\",\"name\":\"CHARM\",\"description\":\"The Consortium for Human Rights and Media in Sub-Saharan Africa\",\"publisher\":{\"@id\":\"https:\\\/\\\/charmafrica.org\\\/#organization\"},\"potentialAction\":[{\"@type\":\"SearchAction\",\"target\":{\"@type\":\"EntryPoint\",\"urlTemplate\":\"https:\\\/\\\/charmafrica.org\\\/?s={search_term_string}\"},\"query-input\":{\"@type\":\"PropertyValueSpecification\",\"valueRequired\":true,\"valueName\":\"search_term_string\"}}],\"inLanguage\":\"fr-FR\"},{\"@type\":\"Organization\",\"@id\":\"https:\\\/\\\/charmafrica.org\\\/#organization\",\"name\":\"CHARM\",\"url\":\"https:\\\/\\\/charmafrica.org\\\/\",\"logo\":{\"@type\":\"ImageObject\",\"inLanguage\":\"fr-FR\",\"@id\":\"https:\\\/\\\/charmafrica.org\\\/#\\\/schema\\\/logo\\\/image\\\/\",\"url\":\"http:\\\/\\\/charmafrica.org\\\/wp-content\\\/uploads\\\/2024\\\/06\\\/WHITE-PNG-1-e1717590262194.png\",\"contentUrl\":\"http:\\\/\\\/charmafrica.org\\\/wp-content\\\/uploads\\\/2024\\\/06\\\/WHITE-PNG-1-e1717590262194.png\",\"width\":962,\"height\":249,\"caption\":\"CHARM\"},\"image\":{\"@id\":\"https:\\\/\\\/charmafrica.org\\\/#\\\/schema\\\/logo\\\/image\\\/\"}}]}<\/script>\n<!-- \/ Yoast SEO plugin. -->","yoast_head_json":{"title":"ACCUEIL - CHARME","robots":{"index":"index","follow":"follow","max-snippet":"max-snippet:-1","max-image-preview":"max-image-preview:large","max-video-preview":"max-video-preview:-1"},"canonical":"https:\/\/charmafrica.org\/fr\/","og_locale":"fr_FR","og_type":"article","og_title":"HOME - CHARM","og_description":"We promote and protect human rights and media freedoms in Sub-Saharan Africa Our Vision All people including traditionally excluded groups,\u00a0enjoy access to [&hellip;]","og_url":"https:\/\/charmafrica.org\/fr\/","og_site_name":"CHARM","article_modified_time":"2025-09-17T05:27:28+00:00","twitter_card":"summary_large_image","twitter_misc":{"Dur\u00e9e de lecture estim\u00e9e":"1 minute"},"schema":{"@context":"https:\/\/schema.org","@graph":[{"@type":"WebPage","@id":"https:\/\/charmafrica.org\/","url":"https:\/\/charmafrica.org\/","name":"ACCUEIL - CHARME","isPartOf":{"@id":"https:\/\/charmafrica.org\/#website"},"datePublished":"2024-06-05T12:26:03+00:00","dateModified":"2025-09-17T05:27:28+00:00","breadcrumb":{"@id":"https:\/\/charmafrica.org\/#breadcrumb"},"inLanguage":"fr-FR","potentialAction":[{"@type":"ReadAction","target":["https:\/\/charmafrica.org\/"]}]},{"@type":"BreadcrumbList","@id":"https:\/\/charmafrica.org\/#breadcrumb","itemListElement":[{"@type":"ListItem","position":1,"name":"Home","item":"https:\/\/charmafrica.org\/"},{"@type":"ListItem","position":2,"name":"HOME"}]},{"@type":"WebSite","@id":"https:\/\/charmafrica.org\/#website","url":"https:\/\/charmafrica.org\/","name":"CHARME","description":"Le Consortium pour les droits de l&#039;homme et les m\u00e9dias en Afrique subsaharienne","publisher":{"@id":"https:\/\/charmafrica.org\/#organization"},"potentialAction":[{"@type":"SearchAction","target":{"@type":"EntryPoint","urlTemplate":"https:\/\/charmafrica.org\/?s={search_term_string}"},"query-input":{"@type":"PropertyValueSpecification","valueRequired":true,"valueName":"search_term_string"}}],"inLanguage":"fr-FR"},{"@type":"Organization","@id":"https:\/\/charmafrica.org\/#organization","name":"CHARME","url":"https:\/\/charmafrica.org\/","logo":{"@type":"ImageObject","inLanguage":"fr-FR","@id":"https:\/\/charmafrica.org\/#\/schema\/logo\/image\/","url":"http:\/\/charmafrica.org\/wp-content\/uploads\/2024\/06\/WHITE-PNG-1-e1717590262194.png","contentUrl":"http:\/\/charmafrica.org\/wp-content\/uploads\/2024\/06\/WHITE-PNG-1-e1717590262194.png","width":962,"height":249,"caption":"CHARM"},"image":{"@id":"https:\/\/charmafrica.org\/#\/schema\/logo\/image\/"}}]}},"_links":{"self":[{"href":"https:\/\/charmafrica.org\/fr\/wp-json\/wp\/v2\/pages\/20","targetHints":{"allow":["GET"]}}],"collection":[{"href":"https:\/\/charmafrica.org\/fr\/wp-json\/wp\/v2\/pages"}],"about":[{"href":"https:\/\/charmafrica.org\/fr\/wp-json\/wp\/v2\/types\/page"}],"author":[{"embeddable":true,"href":"https:\/\/charmafrica.org\/fr\/wp-json\/wp\/v2\/users\/1"}],"replies":[{"embeddable":true,"href":"https:\/\/charmafrica.org\/fr\/wp-json\/wp\/v2\/comments?post=20"}],"version-history":[{"count":85,"href":"https:\/\/charmafrica.org\/fr\/wp-json\/wp\/v2\/pages\/20\/revisions"}],"predecessor-version":[{"id":1434,"href":"https:\/\/charmafrica.org\/fr\/wp-json\/wp\/v2\/pages\/20\/revisions\/1434"}],"wp:attachment":[{"href":"https:\/\/charmafrica.org\/fr\/wp-json\/wp\/v2\/media?parent=20"}],"curies":[{"name":"wp","href":"https:\/\/api.w.org\/{rel}","templated":true}]}}